{"id":37,"date":"2018-04-15T09:56:43","date_gmt":"2018-04-15T09:56:43","guid":{"rendered":"https:\/\/kamm-lg.de\/?page_id=37"},"modified":"2026-03-05T17:32:10","modified_gmt":"2026-03-05T17:32:10","slug":"start","status":"publish","type":"page","link":"https:\/\/kamm-lg.de\/","title":{"rendered":"Willkommen"},"content":{"rendered":"\n<p><strong>Herzlich Willkommen zum Webauftritt vom Salon Kamm<\/strong><\/p>\n\n\n\n<figure class=\"wp-block-pullquote\"><blockquote><p>Fr\u00fchjahrsurlaub 2026<br><br><strong>Vom 17.03.2026 bis 20.03.2026 bleibt der Salon geschlossen.<\/strong><br><br><strong>Am 24.03.2026 sind wir wieder f\u00fcr Sie d<\/strong>a<br><strong><br>Liebe Gr\u00fc\u00dfe und bleiben Sie gesund<br>Ihr Team vom Salon Kamm<\/strong><\/p><\/blockquote><\/figure>\n\n\n\n<figure class=\"wp-block-pullquote\"><blockquote><p><strong>Am Freitag, 09.01.2025 bleibt der Salon witterungsbedingt geschlossen.<\/strong><br><br><strong>Geben Sie auf sich acht.<\/strong> <br><strong><br>Liebe Gr\u00fc\u00dfe und bleiben Sie gesund<br>Ihr Team vom Salon Kamm<\/strong><\/p><\/blockquote><\/figure>\n\n\n\n<figure class=\"wp-block-pullquote\"><blockquote><p>Herbsturlaub 2025<br><br><strong>Vom 21.10.2025 bis 31.10.2025 bleibt der Salon geschlossen.<\/strong><br><br><strong>Am 04.11.2025 sind wir wieder f\u00fcr Sie da.<\/strong><br><strong><br>Liebe Gr\u00fc\u00dfe und bleiben Sie gesund<br>Ihr Team vom Salon Kamm<\/strong><\/p><\/blockquote><\/figure>\n\n\n\n<figure class=\"wp-block-pullquote\"><blockquote><p>Sommerurlaub 2025<br><br><strong>Vom 15.07.2025 bis 25.07.2025 bleibt der Salon geschlossen.<\/strong><br><br><strong>Am 29.07.2025 sind wir wieder f\u00fcr Sie da.<\/strong><br><strong><br>Liebe Gr\u00fc\u00dfe und bleiben Sie gesund<br>Ihr Team vom Salon Kamm<\/strong><\/p><\/blockquote><\/figure>\n\n\n\n<figure class=\"wp-block-pullquote\"><blockquote><p>Fr\u00fchjahrsurlaub 2025<br><br><strong>Vom 25.03.2025 bis 28.03.2025 bleibt der Salon geschlossen.<\/strong><br><br><strong>Am 01.04.2025 sind wir wieder f\u00fcr Sie da.<\/strong><br><strong><br>Liebe Gr\u00fc\u00dfe und bleiben Sie gesund<br>Ihr Team vom Salon Kamm<\/strong><\/p><\/blockquote><\/figure>\n\n\n\n<figure class=\"wp-block-pullquote\"><blockquote><p>Neue \u00d6ffnungszeiten ab 01.01.2023<\/p><cite><strong>Ab dem n\u00e4chsten Jahr werden wir unsere \u00d6ffnungszeiten wie folgt anpassen:<br><br>Dienstag: 08:30 &#8211; 19:00 Uhr<br>Mittwoch: 08:30 &#8211; 18:30 Uhr<br>Donnerstag: 08:30 &#8211; 18:30 Uhr<br>Freitag: 08:30 &#8211; 19:00 Uhr<br>Am Samstag und Montag bleibt der Salon geschlossen<\/strong>.<br><strong><br> Liebe Gr\u00fc\u00dfe und bleiben Sie gesund<br>Ihr Team vom Salon Kamm <\/strong> <\/cite><\/blockquote><\/figure>\n\n\n\n<div class=\"wp-block-columns is-layout-flex wp-container-core-columns-is-layout-9d6595d7 wp-block-columns-is-layout-flex\">\n<div class=\"wp-block-column is-layout-flow wp-block-column-is-layout-flow\"><\/div>\n\n\n\n<div class=\"wp-block-column is-layout-flow wp-block-column-is-layout-flow\"><\/div>\n<\/div>\n\n\n\n<p><\/p>\n\n\n\n<p><\/p>\n\n\n\n<p><\/p>\n\n\n\n<p><\/p>\n\n\n\n<p><\/p>\n\n\n\n<p><br><\/p>\n\n\n\n<p>Telefon: 04131 51668 <br>Mail: termine@kamm-lg.de<\/p>\n\n\n\n<p>\u00d6ffnungszeiten:<br>Dienstag und Freitag von 08:30 &#8211; 19:00 Uhr<br>Mittwoch und Donnerstag von 08:30 &#8211; 18:30<br>Samstag geschlossen<br>Montag ist Schontag (geschlossen)<\/p>\n\n\n\n<p>Salon Kamm<br>Bleckeder Landstr. 43<br>21337 L\u00fcneburg<\/p>\n\n\n\n<p><strong>Wir freuen uns auf Sie!<\/strong><\/p>\n\n\n\n<p><\/p>\n\n\n\n<figure class=\"wp-block-pullquote\"><blockquote><p><\/p><\/blockquote><\/figure>\n\n\n\n<figure class=\"wp-block-pullquote\"><blockquote><p><\/p><\/blockquote><\/figure>\n","protected":false},"excerpt":{"rendered":"<p>Herzlich Willkommen zum Webauftritt vom Salon Kamm Fr\u00fchjahrsurlaub 2026 Vom 17.03.2026 bis 20.03.2026 bleibt der Salon geschlossen. Am 24.03.2026 sind wir wieder f\u00fcr Sie daLiebe Gr\u00fc\u00dfe und bleiben Sie gesundIhr Team vom Salon Kamm Am Freitag, 09.01.2025 bleibt der Salon witterungsbedingt geschlossen. Geben Sie auf sich acht. Liebe Gr\u00fc\u00dfe und bleiben Sie gesundIhr Team vom [&hellip;]<\/p>\n","protected":false},"author":1,"featured_media":84,"parent":0,"menu_order":1,"comment_status":"closed","ping_status":"closed","template":"","meta":{"footnotes":""},"class_list":["post-37","page","type-page","status-publish","has-post-thumbnail","hentry"],"_links":{"self":[{"href":"https:\/\/kamm-lg.de\/index.php?rest_route=\/wp\/v2\/pages\/37","targetHints":{"allow":["GET"]}}],"collection":[{"href":"https:\/\/kamm-lg.de\/index.php?rest_route=\/wp\/v2\/pages"}],"about":[{"href":"https:\/\/kamm-lg.de\/index.php?rest_route=\/wp\/v2\/types\/page"}],"author":[{"embeddable":true,"href":"https:\/\/kamm-lg.de\/index.php?rest_route=\/wp\/v2\/users\/1"}],"replies":[{"embeddable":true,"href":"https:\/\/kamm-lg.de\/index.php?rest_route=%2Fwp%2Fv2%2Fcomments&post=37"}],"version-history":[{"count":95,"href":"https:\/\/kamm-lg.de\/index.php?rest_route=\/wp\/v2\/pages\/37\/revisions"}],"predecessor-version":[{"id":296,"href":"https:\/\/kamm-lg.de\/index.php?rest_route=\/wp\/v2\/pages\/37\/revisions\/296"}],"wp:featuredmedia":[{"embeddable":true,"href":"https:\/\/kamm-lg.de\/index.php?rest_route=\/wp\/v2\/media\/84"}],"wp:attachment":[{"href":"https:\/\/kamm-lg.de\/index.php?rest_route=%2Fwp%2Fv2%2Fmedia&parent=37"}],"curies":[{"name":"wp","href":"https:\/\/api.w.org\/{rel}","templated":true}]}}