{"id":25,"date":"2018-04-15T09:39:48","date_gmt":"2018-04-15T09:39:48","guid":{"rendered":"https:\/\/kamm-lg.de\/?page_id=25"},"modified":"2018-06-10T16:55:19","modified_gmt":"2018-06-10T16:55:19","slug":"impressum","status":"publish","type":"page","link":"https:\/\/kamm-lg.de\/?page_id=25","title":{"rendered":"Impressum"},"content":{"rendered":"<div class=\"_50f4\">\n<p><strong>Impressum<\/strong><\/p>\n<p>&nbsp;<\/p>\n<\/div>\n<div class=\"_3-8w\">\n<div class=\"text_exposed_root text_exposed\">Salon Kamm<br \/>\nInhaberin: Anke Kamm<br \/>\nBleckeder Landstra\u00dfe 43<span class=\"text_exposed_show\"><span class=\"text_exposed_show\"><br \/>\n21337 L\u00fcneburg<\/span><\/span><\/div>\n<\/div>\n<div><\/div>\n<div><\/div>\n<div><\/div>\n<div class=\"_3-8w\">\n<div class=\"text_exposed_root text_exposed\">Tel: 04131\/51668<br \/>\nMail: salon@kamm-lg.de<\/div>\n<div><\/div>\n<div><\/div>\n<div class=\"text_exposed_root text_exposed\">Zust\u00e4ndige Kammer:<br \/>\nHandwerkskammer<br \/>\nBraunschweig-L\u00fcneburg-Stade<br \/>\nFriedenstra\u00dfe 6<br \/>\n21335 L\u00fcneburg<\/div>\n<div><\/div>\n<div><\/div>\n<div class=\"text_exposed_root text_exposed\">UstID: DE298038806<\/div>\n<\/div>\n","protected":false},"excerpt":{"rendered":"<p>Impressum &nbsp; Salon Kamm Inhaberin: Anke Kamm Bleckeder Landstra\u00dfe 43 21337 L\u00fcneburg Tel: 04131\/51668 Mail: salon@kamm-lg.de Zust\u00e4ndige Kammer: Handwerkskammer Braunschweig-L\u00fcneburg-Stade Friedenstra\u00dfe 6 21335 L\u00fcneburg UstID: DE298038806<\/p>\n","protected":false},"author":1,"featured_media":84,"parent":0,"menu_order":2,"comment_status":"closed","ping_status":"closed","template":"","meta":{"footnotes":""},"class_list":["post-25","page","type-page","status-publish","has-post-thumbnail","hentry"],"_links":{"self":[{"href":"https:\/\/kamm-lg.de\/index.php?rest_route=\/wp\/v2\/pages\/25","targetHints":{"allow":["GET"]}}],"collection":[{"href":"https:\/\/kamm-lg.de\/index.php?rest_route=\/wp\/v2\/pages"}],"about":[{"href":"https:\/\/kamm-lg.de\/index.php?rest_route=\/wp\/v2\/types\/page"}],"author":[{"embeddable":true,"href":"https:\/\/kamm-lg.de\/index.php?rest_route=\/wp\/v2\/users\/1"}],"replies":[{"embeddable":true,"href":"https:\/\/kamm-lg.de\/index.php?rest_route=%2Fwp%2Fv2%2Fcomments&post=25"}],"version-history":[{"count":8,"href":"https:\/\/kamm-lg.de\/index.php?rest_route=\/wp\/v2\/pages\/25\/revisions"}],"predecessor-version":[{"id":68,"href":"https:\/\/kamm-lg.de\/index.php?rest_route=\/wp\/v2\/pages\/25\/revisions\/68"}],"wp:featuredmedia":[{"embeddable":true,"href":"https:\/\/kamm-lg.de\/index.php?rest_route=\/wp\/v2\/media\/84"}],"wp:attachment":[{"href":"https:\/\/kamm-lg.de\/index.php?rest_route=%2Fwp%2Fv2%2Fmedia&parent=25"}],"curies":[{"name":"wp","href":"https:\/\/api.w.org\/{rel}","templated":true}]}}